{"id":177,"date":"2025-02-07T11:28:50","date_gmt":"2025-02-07T11:28:50","guid":{"rendered":"https:\/\/www.infomega.ro\/a10a\/?page_id=177"},"modified":"2025-02-07T11:28:51","modified_gmt":"2025-02-07T11:28:51","slug":"m4-t-i-c","status":"publish","type":"page","link":"https:\/\/www.infomega.ro\/a10a\/t-i-c\/m4-t-i-c\/","title":{"rendered":"M4 T.I.C."},"content":{"rendered":"\n<p>Modulul 4 din Tehnologia Informa\u021biei \u0219i a comunica\u021biilor se refer\u0103 la pachetele de programe de birou ( Office). Ele sunt dedicate urm\u0103toarelor activit\u0103\u021bi de birou:<\/p>\n\n\n\n<figure class=\"wp-block-table\"><table class=\"has-fixed-layout\"><tbody><tr><td><strong>Editare<\/strong><\/td><td><strong>Document<\/strong><\/td><td><strong>Foi de calcul<\/strong><\/td><td><strong>Prezentare<\/strong><\/td><td><strong>Baz\u0103 de date<\/strong><\/td><\/tr><tr><td>Microsoft<\/td><td>Word<\/td><td>Excel<\/td><td>PowerPoint<\/td><td>Access<\/td><\/tr><tr><td>Libre Office<\/td><td>Writer<\/td><td>Calc<\/td><td>Impress<\/td><td>Base<\/td><\/tr><tr><td>Open Office<\/td><td>Writer<\/td><td>Calc<\/td><td>Impress<\/td><td>Base<\/td><\/tr><tr><td>Google apps<\/td><td>Docs<\/td><td>Spreadsheet<\/td><td>Slides<\/td><td>\u2013<\/td><\/tr><\/tbody><\/table><figcaption class=\"wp-element-caption\">Tabel 1 Aplica\u021bii de birou<\/figcaption><\/figure>\n\n\n\n<h2 class=\"wp-block-heading\">Aplica\u021biile din pachetul Microsoft Office:<\/h2>\n\n\n\n<figure class=\"wp-block-image\"><img decoding=\"async\" src=\"https:\/\/www.infomega.ro\/wp-content\/uploads\/2025\/02\/microsoft-office-1024x512.png\" alt=\"\" class=\"wp-image-437\"\/><figcaption class=\"wp-element-caption\">img 1 Microsoft Office<\/figcaption><\/figure>\n\n\n\n<p>Aplica\u021biile principale din pachetul Microsoft Office sunt WORD \u2013 pentru documente, EXCEL \u2013 pentru foi de calcul tabelar, POWERPOINT \u2013 pentru prezent\u0103ri \u0219i ACCES \u2013 pentru baze de date vin cu un pre\u021b de cost ridicat \u0219i sunt cele mai folosite aplica\u021bii de birou \u00eempreun\u0103 cu sistemul de operare Windows.<\/p>\n\n\n\n<h2 class=\"wp-block-heading\">Microsoft Word:<\/h2>\n\n\n\n<figure class=\"wp-block-image\"><img decoding=\"async\" src=\"https:\/\/www.infomega.ro\/wp-content\/uploads\/2025\/02\/microsoft-word-edited.png\" alt=\"\" class=\"wp-image-440\"\/><figcaption class=\"wp-element-caption\">img. 2 Microsoft Word<\/figcaption><\/figure>\n\n\n\n<p>Microsoft Word este unul dintre cele mai complexe editoare de texte cunoscut.<\/p>\n\n\n<div class=\"wp-block-image\">\n<figure class=\"aligncenter is-resized\"><img decoding=\"async\" src=\"https:\/\/www.infomega.ro\/wp-content\/uploads\/2025\/02\/Microsoft_Excel-1024x967.png\" alt=\"\" class=\"wp-image-443\" style=\"width:403px;height:auto\"\/><figcaption class=\"wp-element-caption\">img 3 Microsoft Excel<\/figcaption><\/figure>\n<\/div>\n\n\n<p>Microsoft Excel este probabil cel mai utilizat program pentru calcule \u00een tabele de date.<\/p>\n\n\n<div class=\"wp-block-image\">\n<figure class=\"aligncenter\"><img decoding=\"async\" src=\"https:\/\/www.infomega.ro\/wp-content\/uploads\/2025\/02\/powerpoint-300x300-1.png\" alt=\"\" class=\"wp-image-444\"\/><figcaption class=\"wp-element-caption\">img 4 Microsoft PowerPoint<\/figcaption><\/figure>\n<\/div>\n\n\n<p>Microsoft PowerPoint este cel mai cunoscut program pentru realizarea de prezent\u0103ri animate.<\/p>\n\n\n<div class=\"wp-block-image\">\n<figure class=\"aligncenter is-resized\"><img decoding=\"async\" src=\"https:\/\/www.infomega.ro\/wp-content\/uploads\/2025\/02\/microsoft-access.png\" alt=\"\" class=\"wp-image-445\" style=\"width:361px;height:auto\"\/><figcaption class=\"wp-element-caption\">img 5 Microsoft Access<\/figcaption><\/figure>\n<\/div>\n\n\n<p>Microsoft Access este folosit pentru crearea \u0219i gestionarea bazelor de date de mici dimensiuni. Chiar dac\u0103 Microsoft spune c\u0103 dimensiunea maxim\u0103 a undei tabele este de 2GB ceea ce corespunde la c\u00e2teva milioane de re\u00eenregistr\u0103ri, \u00een practic\u0103 se recomand\u0103 ca num\u0103rul maxim de r\u00e2nduri completate cu date s\u0103 nu dep\u0103\u0219easc\u0103 1000 mai ales dac\u0103 acces\u0103m tabela \u00een mod vizual.<\/p>\n\n\n\n<p>Libre Office:<\/p>\n\n\n\n<figure class=\"wp-block-image\"><img decoding=\"async\" src=\"https:\/\/www.infomega.ro\/wp-content\/uploads\/2025\/02\/LibreOffice.png\" alt=\"\" class=\"wp-image-446\"\/><\/figure>\n\n\n\n<figure class=\"wp-block-gallery has-nested-images columns-default is-cropped wp-block-gallery-1 is-layout-flex wp-block-gallery-is-layout-flex\">\n<figure class=\"wp-block-image\"><img decoding=\"async\" data-id=\"448\" src=\"https:\/\/www.infomega.ro\/wp-content\/uploads\/2025\/02\/writer.jpg\" alt=\"\" class=\"wp-image-448\"\/><figcaption class=\"wp-element-caption\">Writer<\/figcaption><\/figure>\n\n\n\n<figure class=\"wp-block-image size-large\"><img loading=\"lazy\" decoding=\"async\" width=\"1024\" height=\"1024\" data-id=\"181\" src=\"https:\/\/www.infomega.ro\/a10a\/wp-content\/uploads\/sites\/2\/2025\/02\/Base-1024x1024.png\" alt=\"\" class=\"wp-image-181\" srcset=\"https:\/\/www.infomega.ro\/a10a\/wp-content\/uploads\/sites\/2\/2025\/02\/Base-1024x1024.png 1024w, https:\/\/www.infomega.ro\/a10a\/wp-content\/uploads\/sites\/2\/2025\/02\/Base-300x300.png 300w, https:\/\/www.infomega.ro\/a10a\/wp-content\/uploads\/sites\/2\/2025\/02\/Base-150x150.png 150w, https:\/\/www.infomega.ro\/a10a\/wp-content\/uploads\/sites\/2\/2025\/02\/Base-768x768.png 768w, https:\/\/www.infomega.ro\/a10a\/wp-content\/uploads\/sites\/2\/2025\/02\/Base.png 1200w\" sizes=\"auto, (max-width: 1024px) 100vw, 1024px\" \/><figcaption class=\"wp-element-caption\">Base<\/figcaption><\/figure>\n\n\n\n<figure class=\"wp-block-image size-large\"><img loading=\"lazy\" decoding=\"async\" width=\"256\" height=\"256\" data-id=\"179\" src=\"https:\/\/www.infomega.ro\/a10a\/wp-content\/uploads\/sites\/2\/2025\/02\/Calc_Icon.png\" alt=\"\" class=\"wp-image-179\" srcset=\"https:\/\/www.infomega.ro\/a10a\/wp-content\/uploads\/sites\/2\/2025\/02\/Calc_Icon.png 256w, https:\/\/www.infomega.ro\/a10a\/wp-content\/uploads\/sites\/2\/2025\/02\/Calc_Icon-150x150.png 150w\" sizes=\"auto, (max-width: 256px) 100vw, 256px\" \/><figcaption class=\"wp-element-caption\">calc<\/figcaption><\/figure>\n\n\n\n<figure class=\"wp-block-image size-large\"><img loading=\"lazy\" decoding=\"async\" width=\"1024\" height=\"1013\" data-id=\"180\" src=\"https:\/\/www.infomega.ro\/a10a\/wp-content\/uploads\/sites\/2\/2025\/02\/impress.png\" alt=\"\" class=\"wp-image-180\" srcset=\"https:\/\/www.infomega.ro\/a10a\/wp-content\/uploads\/sites\/2\/2025\/02\/impress.png 1024w, https:\/\/www.infomega.ro\/a10a\/wp-content\/uploads\/sites\/2\/2025\/02\/impress-300x297.png 300w, https:\/\/www.infomega.ro\/a10a\/wp-content\/uploads\/sites\/2\/2025\/02\/impress-768x760.png 768w, https:\/\/www.infomega.ro\/a10a\/wp-content\/uploads\/sites\/2\/2025\/02\/impress-303x300.png 303w\" sizes=\"auto, (max-width: 1024px) 100vw, 1024px\" \/><figcaption class=\"wp-element-caption\">Impress<\/figcaption><\/figure>\n<\/figure>\n\n\n\n<p>Open Office:<\/p>\n\n\n\n<figure class=\"wp-block-image\"><img decoding=\"async\" src=\"https:\/\/www.infomega.ro\/wp-content\/uploads\/2025\/02\/OpenOfice-1.png\" alt=\"\" class=\"wp-image-460\"\/><\/figure>\n\n\n\n<figure class=\"wp-block-gallery has-nested-images columns-default is-cropped wp-block-gallery-2 is-layout-flex wp-block-gallery-is-layout-flex\">\n<figure class=\"wp-block-image\"><img decoding=\"async\" data-id=\"464\" src=\"https:\/\/www.infomega.ro\/wp-content\/uploads\/2025\/02\/Calc-1-1024x1024.png\" alt=\"\" class=\"wp-image-464\"\/><figcaption class=\"wp-element-caption\">Calc<\/figcaption><\/figure>\n\n\n\n<figure class=\"wp-block-image size-large\"><img loading=\"lazy\" decoding=\"async\" width=\"1024\" height=\"1024\" data-id=\"183\" src=\"https:\/\/www.infomega.ro\/a10a\/wp-content\/uploads\/sites\/2\/2025\/02\/OpenOfficeBase-1024x1024.jpg\" alt=\"\" class=\"wp-image-183\" srcset=\"https:\/\/www.infomega.ro\/a10a\/wp-content\/uploads\/sites\/2\/2025\/02\/OpenOfficeBase-1024x1024.jpg 1024w, https:\/\/www.infomega.ro\/a10a\/wp-content\/uploads\/sites\/2\/2025\/02\/OpenOfficeBase-300x300.jpg 300w, https:\/\/www.infomega.ro\/a10a\/wp-content\/uploads\/sites\/2\/2025\/02\/OpenOfficeBase-150x150.jpg 150w, https:\/\/www.infomega.ro\/a10a\/wp-content\/uploads\/sites\/2\/2025\/02\/OpenOfficeBase-768x768.jpg 768w, https:\/\/www.infomega.ro\/a10a\/wp-content\/uploads\/sites\/2\/2025\/02\/OpenOfficeBase-1536x1536.jpg 1536w, https:\/\/www.infomega.ro\/a10a\/wp-content\/uploads\/sites\/2\/2025\/02\/OpenOfficeBase.jpg 1600w\" sizes=\"auto, (max-width: 1024px) 100vw, 1024px\" \/><\/figure>\n\n\n\n<figure class=\"wp-block-image size-large\"><img loading=\"lazy\" decoding=\"async\" width=\"920\" height=\"512\" data-id=\"182\" src=\"https:\/\/www.infomega.ro\/a10a\/wp-content\/uploads\/sites\/2\/2025\/02\/png-transparent-openoffiimpress.png\" alt=\"\" class=\"wp-image-182\" srcset=\"https:\/\/www.infomega.ro\/a10a\/wp-content\/uploads\/sites\/2\/2025\/02\/png-transparent-openoffiimpress.png 920w, https:\/\/www.infomega.ro\/a10a\/wp-content\/uploads\/sites\/2\/2025\/02\/png-transparent-openoffiimpress-300x167.png 300w, https:\/\/www.infomega.ro\/a10a\/wp-content\/uploads\/sites\/2\/2025\/02\/png-transparent-openoffiimpress-768x427.png 768w, https:\/\/www.infomega.ro\/a10a\/wp-content\/uploads\/sites\/2\/2025\/02\/png-transparent-openoffiimpress-400x223.png 400w\" sizes=\"auto, (max-width: 920px) 100vw, 920px\" \/><figcaption class=\"wp-element-caption\">Impress<\/figcaption><\/figure>\n\n\n\n<figure class=\"wp-block-image size-large\"><img loading=\"lazy\" decoding=\"async\" width=\"475\" height=\"475\" data-id=\"184\" src=\"https:\/\/www.infomega.ro\/a10a\/wp-content\/uploads\/sites\/2\/2025\/02\/writer.png\" alt=\"\" class=\"wp-image-184\" srcset=\"https:\/\/www.infomega.ro\/a10a\/wp-content\/uploads\/sites\/2\/2025\/02\/writer.png 475w, https:\/\/www.infomega.ro\/a10a\/wp-content\/uploads\/sites\/2\/2025\/02\/writer-300x300.png 300w, https:\/\/www.infomega.ro\/a10a\/wp-content\/uploads\/sites\/2\/2025\/02\/writer-150x150.png 150w\" sizes=\"auto, (max-width: 475px) 100vw, 475px\" \/><\/figure>\n<\/figure>\n\n\n\n<p>Aplica\u021bii Google:<\/p>\n\n\n\n<figure class=\"wp-block-gallery has-nested-images columns-default is-cropped wp-block-gallery-3 is-layout-flex wp-block-gallery-is-layout-flex\">\n<figure class=\"wp-block-image\"><img decoding=\"async\" data-id=\"465\" src=\"https:\/\/www.infomega.ro\/wp-content\/uploads\/2025\/02\/AplicatiiGoogle.png\" alt=\"\" class=\"wp-image-465\"\/><figcaption class=\"wp-element-caption\">Docs<\/figcaption><\/figure>\n\n\n\n<figure class=\"wp-block-image size-large\"><img loading=\"lazy\" decoding=\"async\" width=\"48\" height=\"48\" data-id=\"187\" src=\"https:\/\/www.infomega.ro\/a10a\/wp-content\/uploads\/sites\/2\/2025\/02\/docs.png\" alt=\"\" class=\"wp-image-187\"\/><figcaption class=\"wp-element-caption\">Docs<\/figcaption><\/figure>\n\n\n\n<figure class=\"wp-block-image size-large\"><img loading=\"lazy\" decoding=\"async\" width=\"48\" height=\"48\" data-id=\"185\" src=\"https:\/\/www.infomega.ro\/a10a\/wp-content\/uploads\/sites\/2\/2025\/02\/sheets.png\" alt=\"\" class=\"wp-image-185\"\/><figcaption class=\"wp-element-caption\">SpreadSheets<\/figcaption><\/figure>\n\n\n\n<figure class=\"wp-block-image size-large\"><img loading=\"lazy\" decoding=\"async\" width=\"48\" height=\"48\" data-id=\"186\" src=\"https:\/\/www.infomega.ro\/a10a\/wp-content\/uploads\/sites\/2\/2025\/02\/slides.png\" alt=\"\" class=\"wp-image-186\"\/><figcaption class=\"wp-element-caption\">Slides<\/figcaption><\/figure>\n<\/figure>\n","protected":false},"excerpt":{"rendered":"<p>Modulul 4 din Tehnologia Informa\u021biei \u0219i a comunica\u021biilor se refer\u0103 la pachetele de programe de birou ( Office). Ele sunt dedicate urm\u0103toarelor activit\u0103\u021bi de birou: Editare Document Foi de calcul Prezentare Baz\u0103 de date Microsoft Word Excel PowerPoint Access Libre Office Writer Calc Impress Base Open Office Writer Calc Impress Base Google apps Docs Spreadsheet [&hellip;]<\/p>\n","protected":false},"author":1,"featured_media":0,"parent":21,"menu_order":0,"comment_status":"closed","ping_status":"closed","template":"","meta":{"_FSMCFIC_featured_image_caption":"","_FSMCFIC_featured_image_nocaption":"","_FSMCFIC_featured_image_hide":"","footnotes":""},"class_list":["post-177","page","type-page","status-publish","hentry"],"yoast_head":"<!-- This site is optimized with the Yoast SEO plugin v27.3 - https:\/\/yoast.com\/product\/yoast-seo-wordpress\/ -->\n<title>M4 T.I.C. - Clasa a X-a InfoMega<\/title>\n<meta name=\"robots\" content=\"index, follow, max-snippet:-1, max-image-preview:large, max-video-preview:-1\" \/>\n<link rel=\"canonical\" href=\"https:\/\/www.infomega.ro\/a10a\/t-i-c\/m4-t-i-c\/\" \/>\n<meta property=\"og:locale\" content=\"ro_RO\" \/>\n<meta property=\"og:type\" content=\"article\" \/>\n<meta property=\"og:title\" content=\"M4 T.I.C. - Clasa a X-a InfoMega\" \/>\n<meta property=\"og:description\" content=\"Modulul 4 din Tehnologia Informa\u021biei \u0219i a comunica\u021biilor se refer\u0103 la pachetele de programe de birou ( Office). Ele sunt dedicate urm\u0103toarelor activit\u0103\u021bi de birou: Editare Document Foi de calcul Prezentare Baz\u0103 de date Microsoft Word Excel PowerPoint Access Libre Office Writer Calc Impress Base Open Office Writer Calc Impress Base Google apps Docs Spreadsheet [&hellip;]\" \/>\n<meta property=\"og:url\" content=\"https:\/\/www.infomega.ro\/a10a\/t-i-c\/m4-t-i-c\/\" \/>\n<meta property=\"og:site_name\" content=\"Clasa a X-a InfoMega\" \/>\n<meta property=\"article:modified_time\" content=\"2025-02-07T11:28:51+00:00\" \/>\n<meta name=\"twitter:card\" content=\"summary_large_image\" \/>\n<meta name=\"twitter:label1\" content=\"Timp estimat pentru citire\" \/>\n\t<meta name=\"twitter:data1\" content=\"6 minute\" \/>\n<script type=\"application\/ld+json\" class=\"yoast-schema-graph\">{\"@context\":\"https:\\\/\\\/schema.org\",\"@graph\":[{\"@type\":\"WebPage\",\"@id\":\"https:\\\/\\\/www.infomega.ro\\\/a10a\\\/t-i-c\\\/m4-t-i-c\\\/\",\"url\":\"https:\\\/\\\/www.infomega.ro\\\/a10a\\\/t-i-c\\\/m4-t-i-c\\\/\",\"name\":\"M4 T.I.C. - Clasa a X-a InfoMega\",\"isPartOf\":{\"@id\":\"https:\\\/\\\/www.infomega.ro\\\/a10a\\\/#website\"},\"primaryImageOfPage\":{\"@id\":\"https:\\\/\\\/www.infomega.ro\\\/a10a\\\/t-i-c\\\/m4-t-i-c\\\/#primaryimage\"},\"image\":{\"@id\":\"https:\\\/\\\/www.infomega.ro\\\/a10a\\\/t-i-c\\\/m4-t-i-c\\\/#primaryimage\"},\"thumbnailUrl\":\"https:\\\/\\\/www.infomega.ro\\\/wp-content\\\/uploads\\\/2025\\\/02\\\/microsoft-office-1024x512.png\",\"datePublished\":\"2025-02-07T11:28:50+00:00\",\"dateModified\":\"2025-02-07T11:28:51+00:00\",\"breadcrumb\":{\"@id\":\"https:\\\/\\\/www.infomega.ro\\\/a10a\\\/t-i-c\\\/m4-t-i-c\\\/#breadcrumb\"},\"inLanguage\":\"ro-RO\",\"potentialAction\":[{\"@type\":\"ReadAction\",\"target\":[\"https:\\\/\\\/www.infomega.ro\\\/a10a\\\/t-i-c\\\/m4-t-i-c\\\/\"]}]},{\"@type\":\"ImageObject\",\"inLanguage\":\"ro-RO\",\"@id\":\"https:\\\/\\\/www.infomega.ro\\\/a10a\\\/t-i-c\\\/m4-t-i-c\\\/#primaryimage\",\"url\":\"https:\\\/\\\/www.infomega.ro\\\/wp-content\\\/uploads\\\/2025\\\/02\\\/microsoft-office-1024x512.png\",\"contentUrl\":\"https:\\\/\\\/www.infomega.ro\\\/wp-content\\\/uploads\\\/2025\\\/02\\\/microsoft-office-1024x512.png\"},{\"@type\":\"BreadcrumbList\",\"@id\":\"https:\\\/\\\/www.infomega.ro\\\/a10a\\\/t-i-c\\\/m4-t-i-c\\\/#breadcrumb\",\"itemListElement\":[{\"@type\":\"ListItem\",\"position\":1,\"name\":\"Prima pagin\u0103\",\"item\":\"https:\\\/\\\/www.infomega.ro\\\/a10a\\\/\"},{\"@type\":\"ListItem\",\"position\":2,\"name\":\"T.I.C.\",\"item\":\"https:\\\/\\\/www.infomega.ro\\\/a10a\\\/t-i-c\\\/\"},{\"@type\":\"ListItem\",\"position\":3,\"name\":\"M4 T.I.C.\"}]},{\"@type\":\"WebSite\",\"@id\":\"https:\\\/\\\/www.infomega.ro\\\/a10a\\\/#website\",\"url\":\"https:\\\/\\\/www.infomega.ro\\\/a10a\\\/\",\"name\":\"Clasa a X-a InfoMega\",\"description\":\"Informa\u021bia a\u0219a cum o po\u021bi imagina\",\"publisher\":{\"@id\":\"https:\\\/\\\/www.infomega.ro\\\/a10a\\\/#\\\/schema\\\/person\\\/9694de2962f527a4ed763694fd74245e\"},\"potentialAction\":[{\"@type\":\"SearchAction\",\"target\":{\"@type\":\"EntryPoint\",\"urlTemplate\":\"https:\\\/\\\/www.infomega.ro\\\/a10a\\\/?s={search_term_string}\"},\"query-input\":{\"@type\":\"PropertyValueSpecification\",\"valueRequired\":true,\"valueName\":\"search_term_string\"}}],\"inLanguage\":\"ro-RO\"},{\"@type\":[\"Person\",\"Organization\"],\"@id\":\"https:\\\/\\\/www.infomega.ro\\\/a10a\\\/#\\\/schema\\\/person\\\/9694de2962f527a4ed763694fd74245e\",\"name\":\"2nf0\",\"image\":{\"@type\":\"ImageObject\",\"inLanguage\":\"ro-RO\",\"@id\":\"https:\\\/\\\/www.infomega.ro\\\/a10a\\\/wp-content\\\/uploads\\\/sites\\\/2\\\/2024\\\/11\\\/150colorchanger.png\",\"url\":\"https:\\\/\\\/www.infomega.ro\\\/a10a\\\/wp-content\\\/uploads\\\/sites\\\/2\\\/2024\\\/11\\\/150colorchanger.png\",\"contentUrl\":\"https:\\\/\\\/www.infomega.ro\\\/a10a\\\/wp-content\\\/uploads\\\/sites\\\/2\\\/2024\\\/11\\\/150colorchanger.png\",\"width\":150,\"height\":150,\"caption\":\"2nf0\"},\"logo\":{\"@id\":\"https:\\\/\\\/www.infomega.ro\\\/a10a\\\/wp-content\\\/uploads\\\/sites\\\/2\\\/2024\\\/11\\\/150colorchanger.png\"},\"sameAs\":[\"https:\\\/\\\/www.infomega.ro\"]}]}<\/script>\n<!-- \/ Yoast SEO plugin. -->","yoast_head_json":{"title":"M4 T.I.C. - Clasa a X-a InfoMega","robots":{"index":"index","follow":"follow","max-snippet":"max-snippet:-1","max-image-preview":"max-image-preview:large","max-video-preview":"max-video-preview:-1"},"canonical":"https:\/\/www.infomega.ro\/a10a\/t-i-c\/m4-t-i-c\/","og_locale":"ro_RO","og_type":"article","og_title":"M4 T.I.C. - Clasa a X-a InfoMega","og_description":"Modulul 4 din Tehnologia Informa\u021biei \u0219i a comunica\u021biilor se refer\u0103 la pachetele de programe de birou ( Office). Ele sunt dedicate urm\u0103toarelor activit\u0103\u021bi de birou: Editare Document Foi de calcul Prezentare Baz\u0103 de date Microsoft Word Excel PowerPoint Access Libre Office Writer Calc Impress Base Open Office Writer Calc Impress Base Google apps Docs Spreadsheet [&hellip;]","og_url":"https:\/\/www.infomega.ro\/a10a\/t-i-c\/m4-t-i-c\/","og_site_name":"Clasa a X-a InfoMega","article_modified_time":"2025-02-07T11:28:51+00:00","twitter_card":"summary_large_image","twitter_misc":{"Timp estimat pentru citire":"6 minute"},"schema":{"@context":"https:\/\/schema.org","@graph":[{"@type":"WebPage","@id":"https:\/\/www.infomega.ro\/a10a\/t-i-c\/m4-t-i-c\/","url":"https:\/\/www.infomega.ro\/a10a\/t-i-c\/m4-t-i-c\/","name":"M4 T.I.C. - Clasa a X-a InfoMega","isPartOf":{"@id":"https:\/\/www.infomega.ro\/a10a\/#website"},"primaryImageOfPage":{"@id":"https:\/\/www.infomega.ro\/a10a\/t-i-c\/m4-t-i-c\/#primaryimage"},"image":{"@id":"https:\/\/www.infomega.ro\/a10a\/t-i-c\/m4-t-i-c\/#primaryimage"},"thumbnailUrl":"https:\/\/www.infomega.ro\/wp-content\/uploads\/2025\/02\/microsoft-office-1024x512.png","datePublished":"2025-02-07T11:28:50+00:00","dateModified":"2025-02-07T11:28:51+00:00","breadcrumb":{"@id":"https:\/\/www.infomega.ro\/a10a\/t-i-c\/m4-t-i-c\/#breadcrumb"},"inLanguage":"ro-RO","potentialAction":[{"@type":"ReadAction","target":["https:\/\/www.infomega.ro\/a10a\/t-i-c\/m4-t-i-c\/"]}]},{"@type":"ImageObject","inLanguage":"ro-RO","@id":"https:\/\/www.infomega.ro\/a10a\/t-i-c\/m4-t-i-c\/#primaryimage","url":"https:\/\/www.infomega.ro\/wp-content\/uploads\/2025\/02\/microsoft-office-1024x512.png","contentUrl":"https:\/\/www.infomega.ro\/wp-content\/uploads\/2025\/02\/microsoft-office-1024x512.png"},{"@type":"BreadcrumbList","@id":"https:\/\/www.infomega.ro\/a10a\/t-i-c\/m4-t-i-c\/#breadcrumb","itemListElement":[{"@type":"ListItem","position":1,"name":"Prima pagin\u0103","item":"https:\/\/www.infomega.ro\/a10a\/"},{"@type":"ListItem","position":2,"name":"T.I.C.","item":"https:\/\/www.infomega.ro\/a10a\/t-i-c\/"},{"@type":"ListItem","position":3,"name":"M4 T.I.C."}]},{"@type":"WebSite","@id":"https:\/\/www.infomega.ro\/a10a\/#website","url":"https:\/\/www.infomega.ro\/a10a\/","name":"Clasa a X-a InfoMega","description":"Informa\u021bia a\u0219a cum o po\u021bi imagina","publisher":{"@id":"https:\/\/www.infomega.ro\/a10a\/#\/schema\/person\/9694de2962f527a4ed763694fd74245e"},"potentialAction":[{"@type":"SearchAction","target":{"@type":"EntryPoint","urlTemplate":"https:\/\/www.infomega.ro\/a10a\/?s={search_term_string}"},"query-input":{"@type":"PropertyValueSpecification","valueRequired":true,"valueName":"search_term_string"}}],"inLanguage":"ro-RO"},{"@type":["Person","Organization"],"@id":"https:\/\/www.infomega.ro\/a10a\/#\/schema\/person\/9694de2962f527a4ed763694fd74245e","name":"2nf0","image":{"@type":"ImageObject","inLanguage":"ro-RO","@id":"https:\/\/www.infomega.ro\/a10a\/wp-content\/uploads\/sites\/2\/2024\/11\/150colorchanger.png","url":"https:\/\/www.infomega.ro\/a10a\/wp-content\/uploads\/sites\/2\/2024\/11\/150colorchanger.png","contentUrl":"https:\/\/www.infomega.ro\/a10a\/wp-content\/uploads\/sites\/2\/2024\/11\/150colorchanger.png","width":150,"height":150,"caption":"2nf0"},"logo":{"@id":"https:\/\/www.infomega.ro\/a10a\/wp-content\/uploads\/sites\/2\/2024\/11\/150colorchanger.png"},"sameAs":["https:\/\/www.infomega.ro"]}]}},"_links":{"self":[{"href":"https:\/\/www.infomega.ro\/a10a\/wp-json\/wp\/v2\/pages\/177","targetHints":{"allow":["GET"]}}],"collection":[{"href":"https:\/\/www.infomega.ro\/a10a\/wp-json\/wp\/v2\/pages"}],"about":[{"href":"https:\/\/www.infomega.ro\/a10a\/wp-json\/wp\/v2\/types\/page"}],"author":[{"embeddable":true,"href":"https:\/\/www.infomega.ro\/a10a\/wp-json\/wp\/v2\/users\/1"}],"replies":[{"embeddable":true,"href":"https:\/\/www.infomega.ro\/a10a\/wp-json\/wp\/v2\/comments?post=177"}],"version-history":[{"count":2,"href":"https:\/\/www.infomega.ro\/a10a\/wp-json\/wp\/v2\/pages\/177\/revisions"}],"predecessor-version":[{"id":188,"href":"https:\/\/www.infomega.ro\/a10a\/wp-json\/wp\/v2\/pages\/177\/revisions\/188"}],"up":[{"embeddable":true,"href":"https:\/\/www.infomega.ro\/a10a\/wp-json\/wp\/v2\/pages\/21"}],"wp:attachment":[{"href":"https:\/\/www.infomega.ro\/a10a\/wp-json\/wp\/v2\/media?parent=177"}],"curies":[{"name":"wp","href":"https:\/\/api.w.org\/{rel}","templated":true}]}}