{"id":37,"date":"2024-11-24T07:22:27","date_gmt":"2024-11-24T07:22:27","guid":{"rendered":"https:\/\/www.infomega.ro\/a10a\/?page_id=37"},"modified":"2024-11-24T07:22:28","modified_gmt":"2024-11-24T07:22:28","slug":"m2-info","status":"publish","type":"page","link":"https:\/\/www.infomega.ro\/a10a\/info\/m2-info\/","title":{"rendered":"M2 Info"},"content":{"rendered":"\n<p>\u00cen acest modul (interval) vom studia no\u021biuni despre <strong>structurile repetitive ale algoritmilor<\/strong> reprezentate \u00een limbajul de programare C++.<\/p>\n\n\n\n<p>Toate structurile repetitive sunt reductibile la <strong>structura repetitiv\u0103 cu test ini\u021bial <\/strong>reprezentat\u0103 \u00een limbajul de programare C++ prin instruc\u021biunea <strong>while<\/strong>.(care tradus \u00een rom\u00e2n\u0103 \u00eenseamn\u0103 c\u00e2t timp)<\/p>\n","protected":false},"excerpt":{"rendered":"<p>\u00cen acest modul (interval) vom studia no\u021biuni despre structurile repetitive ale algoritmilor reprezentate \u00een limbajul de programare C++. Toate structurile repetitive sunt reductibile la structura repetitiv\u0103 cu test ini\u021bial reprezentat\u0103 \u00een limbajul de programare C++ prin instruc\u021biunea while.(care tradus \u00een rom\u00e2n\u0103 \u00eenseamn\u0103 c\u00e2t timp)<\/p>\n","protected":false},"author":1,"featured_media":0,"parent":24,"menu_order":0,"comment_status":"closed","ping_status":"closed","template":"","meta":{"_FSMCFIC_featured_image_caption":"","_FSMCFIC_featured_image_nocaption":"","_FSMCFIC_featured_image_hide":"","footnotes":""},"class_list":["post-37","page","type-page","status-publish","hentry"],"yoast_head":"<!-- This site is optimized with the Yoast SEO plugin v27.3 - https:\/\/yoast.com\/product\/yoast-seo-wordpress\/ -->\n<title>M2 Info - Clasa a X-a InfoMega<\/title>\n<meta name=\"robots\" content=\"index, follow, max-snippet:-1, max-image-preview:large, max-video-preview:-1\" \/>\n<link rel=\"canonical\" href=\"https:\/\/www.infomega.ro\/a10a\/info\/m2-info\/\" \/>\n<meta property=\"og:locale\" content=\"ro_RO\" \/>\n<meta property=\"og:type\" content=\"article\" \/>\n<meta property=\"og:title\" content=\"M2 Info - Clasa a X-a InfoMega\" \/>\n<meta property=\"og:description\" content=\"\u00cen acest modul (interval) vom studia no\u021biuni despre structurile repetitive ale algoritmilor reprezentate \u00een limbajul de programare C++. Toate structurile repetitive sunt reductibile la structura repetitiv\u0103 cu test ini\u021bial reprezentat\u0103 \u00een limbajul de programare C++ prin instruc\u021biunea while.(care tradus \u00een rom\u00e2n\u0103 \u00eenseamn\u0103 c\u00e2t timp)\" \/>\n<meta property=\"og:url\" content=\"https:\/\/www.infomega.ro\/a10a\/info\/m2-info\/\" \/>\n<meta property=\"og:site_name\" content=\"Clasa a X-a InfoMega\" \/>\n<meta property=\"article:modified_time\" content=\"2024-11-24T07:22:28+00:00\" \/>\n<meta name=\"twitter:card\" content=\"summary_large_image\" \/>\n<meta name=\"twitter:label1\" content=\"Timp estimat pentru citire\" \/>\n\t<meta name=\"twitter:data1\" content=\"1 minut\" \/>\n<script type=\"application\/ld+json\" class=\"yoast-schema-graph\">{\"@context\":\"https:\\\/\\\/schema.org\",\"@graph\":[{\"@type\":\"WebPage\",\"@id\":\"https:\\\/\\\/www.infomega.ro\\\/a10a\\\/info\\\/m2-info\\\/\",\"url\":\"https:\\\/\\\/www.infomega.ro\\\/a10a\\\/info\\\/m2-info\\\/\",\"name\":\"M2 Info - Clasa a X-a InfoMega\",\"isPartOf\":{\"@id\":\"https:\\\/\\\/www.infomega.ro\\\/a10a\\\/#website\"},\"datePublished\":\"2024-11-24T07:22:27+00:00\",\"dateModified\":\"2024-11-24T07:22:28+00:00\",\"breadcrumb\":{\"@id\":\"https:\\\/\\\/www.infomega.ro\\\/a10a\\\/info\\\/m2-info\\\/#breadcrumb\"},\"inLanguage\":\"ro-RO\",\"potentialAction\":[{\"@type\":\"ReadAction\",\"target\":[\"https:\\\/\\\/www.infomega.ro\\\/a10a\\\/info\\\/m2-info\\\/\"]}]},{\"@type\":\"BreadcrumbList\",\"@id\":\"https:\\\/\\\/www.infomega.ro\\\/a10a\\\/info\\\/m2-info\\\/#breadcrumb\",\"itemListElement\":[{\"@type\":\"ListItem\",\"position\":1,\"name\":\"Prima pagin\u0103\",\"item\":\"https:\\\/\\\/www.infomega.ro\\\/a10a\\\/\"},{\"@type\":\"ListItem\",\"position\":2,\"name\":\"Info\",\"item\":\"https:\\\/\\\/www.infomega.ro\\\/a10a\\\/info\\\/\"},{\"@type\":\"ListItem\",\"position\":3,\"name\":\"M2 Info\"}]},{\"@type\":\"WebSite\",\"@id\":\"https:\\\/\\\/www.infomega.ro\\\/a10a\\\/#website\",\"url\":\"https:\\\/\\\/www.infomega.ro\\\/a10a\\\/\",\"name\":\"Clasa a X-a InfoMega\",\"description\":\"Informa\u021bia a\u0219a cum o po\u021bi imagina\",\"publisher\":{\"@id\":\"https:\\\/\\\/www.infomega.ro\\\/a10a\\\/#\\\/schema\\\/person\\\/9694de2962f527a4ed763694fd74245e\"},\"potentialAction\":[{\"@type\":\"SearchAction\",\"target\":{\"@type\":\"EntryPoint\",\"urlTemplate\":\"https:\\\/\\\/www.infomega.ro\\\/a10a\\\/?s={search_term_string}\"},\"query-input\":{\"@type\":\"PropertyValueSpecification\",\"valueRequired\":true,\"valueName\":\"search_term_string\"}}],\"inLanguage\":\"ro-RO\"},{\"@type\":[\"Person\",\"Organization\"],\"@id\":\"https:\\\/\\\/www.infomega.ro\\\/a10a\\\/#\\\/schema\\\/person\\\/9694de2962f527a4ed763694fd74245e\",\"name\":\"2nf0\",\"image\":{\"@type\":\"ImageObject\",\"inLanguage\":\"ro-RO\",\"@id\":\"https:\\\/\\\/www.infomega.ro\\\/a10a\\\/wp-content\\\/uploads\\\/sites\\\/2\\\/2024\\\/11\\\/150colorchanger.png\",\"url\":\"https:\\\/\\\/www.infomega.ro\\\/a10a\\\/wp-content\\\/uploads\\\/sites\\\/2\\\/2024\\\/11\\\/150colorchanger.png\",\"contentUrl\":\"https:\\\/\\\/www.infomega.ro\\\/a10a\\\/wp-content\\\/uploads\\\/sites\\\/2\\\/2024\\\/11\\\/150colorchanger.png\",\"width\":150,\"height\":150,\"caption\":\"2nf0\"},\"logo\":{\"@id\":\"https:\\\/\\\/www.infomega.ro\\\/a10a\\\/wp-content\\\/uploads\\\/sites\\\/2\\\/2024\\\/11\\\/150colorchanger.png\"},\"sameAs\":[\"https:\\\/\\\/www.infomega.ro\"]}]}<\/script>\n<!-- \/ Yoast SEO plugin. -->","yoast_head_json":{"title":"M2 Info - Clasa a X-a InfoMega","robots":{"index":"index","follow":"follow","max-snippet":"max-snippet:-1","max-image-preview":"max-image-preview:large","max-video-preview":"max-video-preview:-1"},"canonical":"https:\/\/www.infomega.ro\/a10a\/info\/m2-info\/","og_locale":"ro_RO","og_type":"article","og_title":"M2 Info - Clasa a X-a InfoMega","og_description":"\u00cen acest modul (interval) vom studia no\u021biuni despre structurile repetitive ale algoritmilor reprezentate \u00een limbajul de programare C++. Toate structurile repetitive sunt reductibile la structura repetitiv\u0103 cu test ini\u021bial reprezentat\u0103 \u00een limbajul de programare C++ prin instruc\u021biunea while.(care tradus \u00een rom\u00e2n\u0103 \u00eenseamn\u0103 c\u00e2t timp)","og_url":"https:\/\/www.infomega.ro\/a10a\/info\/m2-info\/","og_site_name":"Clasa a X-a InfoMega","article_modified_time":"2024-11-24T07:22:28+00:00","twitter_card":"summary_large_image","twitter_misc":{"Timp estimat pentru citire":"1 minut"},"schema":{"@context":"https:\/\/schema.org","@graph":[{"@type":"WebPage","@id":"https:\/\/www.infomega.ro\/a10a\/info\/m2-info\/","url":"https:\/\/www.infomega.ro\/a10a\/info\/m2-info\/","name":"M2 Info - Clasa a X-a InfoMega","isPartOf":{"@id":"https:\/\/www.infomega.ro\/a10a\/#website"},"datePublished":"2024-11-24T07:22:27+00:00","dateModified":"2024-11-24T07:22:28+00:00","breadcrumb":{"@id":"https:\/\/www.infomega.ro\/a10a\/info\/m2-info\/#breadcrumb"},"inLanguage":"ro-RO","potentialAction":[{"@type":"ReadAction","target":["https:\/\/www.infomega.ro\/a10a\/info\/m2-info\/"]}]},{"@type":"BreadcrumbList","@id":"https:\/\/www.infomega.ro\/a10a\/info\/m2-info\/#breadcrumb","itemListElement":[{"@type":"ListItem","position":1,"name":"Prima pagin\u0103","item":"https:\/\/www.infomega.ro\/a10a\/"},{"@type":"ListItem","position":2,"name":"Info","item":"https:\/\/www.infomega.ro\/a10a\/info\/"},{"@type":"ListItem","position":3,"name":"M2 Info"}]},{"@type":"WebSite","@id":"https:\/\/www.infomega.ro\/a10a\/#website","url":"https:\/\/www.infomega.ro\/a10a\/","name":"Clasa a X-a InfoMega","description":"Informa\u021bia a\u0219a cum o po\u021bi imagina","publisher":{"@id":"https:\/\/www.infomega.ro\/a10a\/#\/schema\/person\/9694de2962f527a4ed763694fd74245e"},"potentialAction":[{"@type":"SearchAction","target":{"@type":"EntryPoint","urlTemplate":"https:\/\/www.infomega.ro\/a10a\/?s={search_term_string}"},"query-input":{"@type":"PropertyValueSpecification","valueRequired":true,"valueName":"search_term_string"}}],"inLanguage":"ro-RO"},{"@type":["Person","Organization"],"@id":"https:\/\/www.infomega.ro\/a10a\/#\/schema\/person\/9694de2962f527a4ed763694fd74245e","name":"2nf0","image":{"@type":"ImageObject","inLanguage":"ro-RO","@id":"https:\/\/www.infomega.ro\/a10a\/wp-content\/uploads\/sites\/2\/2024\/11\/150colorchanger.png","url":"https:\/\/www.infomega.ro\/a10a\/wp-content\/uploads\/sites\/2\/2024\/11\/150colorchanger.png","contentUrl":"https:\/\/www.infomega.ro\/a10a\/wp-content\/uploads\/sites\/2\/2024\/11\/150colorchanger.png","width":150,"height":150,"caption":"2nf0"},"logo":{"@id":"https:\/\/www.infomega.ro\/a10a\/wp-content\/uploads\/sites\/2\/2024\/11\/150colorchanger.png"},"sameAs":["https:\/\/www.infomega.ro"]}]}},"_links":{"self":[{"href":"https:\/\/www.infomega.ro\/a10a\/wp-json\/wp\/v2\/pages\/37","targetHints":{"allow":["GET"]}}],"collection":[{"href":"https:\/\/www.infomega.ro\/a10a\/wp-json\/wp\/v2\/pages"}],"about":[{"href":"https:\/\/www.infomega.ro\/a10a\/wp-json\/wp\/v2\/types\/page"}],"author":[{"embeddable":true,"href":"https:\/\/www.infomega.ro\/a10a\/wp-json\/wp\/v2\/users\/1"}],"replies":[{"embeddable":true,"href":"https:\/\/www.infomega.ro\/a10a\/wp-json\/wp\/v2\/comments?post=37"}],"version-history":[{"count":1,"href":"https:\/\/www.infomega.ro\/a10a\/wp-json\/wp\/v2\/pages\/37\/revisions"}],"predecessor-version":[{"id":38,"href":"https:\/\/www.infomega.ro\/a10a\/wp-json\/wp\/v2\/pages\/37\/revisions\/38"}],"up":[{"embeddable":true,"href":"https:\/\/www.infomega.ro\/a10a\/wp-json\/wp\/v2\/pages\/24"}],"wp:attachment":[{"href":"https:\/\/www.infomega.ro\/a10a\/wp-json\/wp\/v2\/media?parent=37"}],"curies":[{"name":"wp","href":"https:\/\/api.w.org\/{rel}","templated":true}]}}